{"id":6974,"date":"2023-02-10T15:54:26","date_gmt":"2023-02-10T15:54:26","guid":{"rendered":"https:\/\/leroux.qodeinteractive.com\/?page_id=6974"},"modified":"2024-07-03T09:40:01","modified_gmt":"2024-07-03T08:40:01","slug":"our-process","status":"publish","type":"page","link":"https:\/\/ibeess.org\/?page_id=6974","title":{"rendered":"Misija i vizija"},"content":{"rendered":"\t\t<div data-elementor-type=\"wp-page\" data-elementor-id=\"6974\" class=\"elementor elementor-6974\" data-elementor-post-type=\"page\">\n\t\t\t\t\t\t<section class=\"elementor-section elementor-top-section elementor-element elementor-element-19839d2 elementor-section-full_width elementor-section-height-min-height elementor-section-height-default elementor-section-items-middle\" data-id=\"19839d2\" data-element_type=\"section\" data-e-type=\"section\" data-settings=\"{&quot;background_background&quot;:&quot;classic&quot;}\">\n\t\t\t\t\t\t<div class=\"elementor-container elementor-column-gap-no\">\n\t\t\t\t\t<div class=\"elementor-column elementor-col-100 elementor-top-column elementor-element elementor-element-9fa3f9d\" data-id=\"9fa3f9d\" data-element_type=\"column\" data-e-type=\"column\">\n\t\t\t<div class=\"elementor-widget-wrap\">\n\t\t\t\t\t\t\t<\/div>\n\t\t<\/div>\n\t\t\t\t\t<\/div>\n\t\t<\/section>\n\t\t\t\t<section class=\"elementor-section elementor-top-section elementor-element elementor-element-ea96cfb elementor-section-full_width elementor-section-height-default elementor-section-height-default\" data-id=\"ea96cfb\" data-element_type=\"section\" data-e-type=\"section\">\n\t\t\t\t\t\t<div class=\"elementor-container elementor-column-gap-no\">\n\t\t\t\t\t<div class=\"elementor-column elementor-col-50 elementor-top-column elementor-element elementor-element-c0edd84\" data-id=\"c0edd84\" data-element_type=\"column\" data-e-type=\"column\" data-settings=\"{&quot;background_background&quot;:&quot;classic&quot;}\">\n\t\t\t<div class=\"elementor-widget-wrap elementor-element-populated\">\n\t\t\t\t\t\t<section class=\"elementor-section elementor-inner-section elementor-element elementor-element-a086bc3 elementor-section-full_width elementor-section-height-default elementor-section-height-default\" data-id=\"a086bc3\" data-element_type=\"section\" data-e-type=\"section\">\n\t\t\t\t\t\t<div class=\"elementor-container elementor-column-gap-no\">\n\t\t\t\t\t<div class=\"elementor-column elementor-col-100 elementor-inner-column elementor-element elementor-element-290f8c0\" data-id=\"290f8c0\" data-element_type=\"column\" data-e-type=\"column\">\n\t\t\t<div class=\"elementor-widget-wrap elementor-element-populated\">\n\t\t\t\t\t\t<div class=\"elementor-element elementor-element-4a6a229 elementor-widget elementor-widget-leroux_core_section_title\" data-id=\"4a6a229\" data-element_type=\"widget\" data-e-type=\"widget\" data-widget_type=\"leroux_core_section_title.default\">\n\t\t\t\t<div class=\"elementor-widget-container\">\n\t\t\t\t\t<div class=\"qodef-shortcode qodef-m  qodef-section-title qodef-alignment--left qodef-title-break--disabled\">\n\t\t<h2 class=\"qodef-m-title\" >\n\t\t\t\t\tMISIJA\t\t\t<\/h2>\n\t<\/div>\n\t\t\t\t<\/div>\n\t\t\t\t<\/div>\n\t\t\t\t<div class=\"elementor-element elementor-element-1276640 elementor-widget elementor-widget-text-editor\" data-id=\"1276640\" data-element_type=\"widget\" data-e-type=\"widget\" data-widget_type=\"text-editor.default\">\n\t\t\t\t<div class=\"elementor-widget-container\">\n\t\t\t\t\t\t\t\t\t<p>Misija instituta IBEESS je istra\u017eivanje i razvoj multidisciplinarnih i transdisciplinarnih podru\u010dja znanosti osobito u polju poslovne izvrsnosti, poduzetni\u0161tva i odr\u017eivosti, te transfer znanja kroz obrazovanje i savjetovanje promoviraju\u0107i kvalitetu kao temeljnu vrijednost i dru\u0161tvo temeljeno na kulturi kvalitete.<\/p>\t\t\t\t\t\t\t\t<\/div>\n\t\t\t\t<\/div>\n\t\t\t\t\t<\/div>\n\t\t<\/div>\n\t\t\t\t\t<\/div>\n\t\t<\/section>\n\t\t\t\t<div class=\"elementor-element elementor-element-bca3cc7 elementor-widget__width-auto elementor-widget elementor-widget-leroux_core_single_image\" data-id=\"bca3cc7\" data-element_type=\"widget\" data-e-type=\"widget\" data-widget_type=\"leroux_core_single_image.default\">\n\t\t\t\t<div class=\"elementor-widget-container\">\n\t\t\t\t\t<div class=\"qodef-shortcode qodef-m  qodef-single-image qodef-layout--default   \">\n\t\t\t<div class=\"qodef-m-image\">\n\t\t\t\t\t\t\t\t<img fetchpriority=\"high\" decoding=\"async\" width=\"322\" height=\"498\" src=\"https:\/\/ibeess.org\/wp-content\/uploads\/2023\/02\/how-it-works-img-2.png\" class=\"attachment-full size-full\" alt=\"\" srcset=\"https:\/\/ibeess.org\/wp-content\/uploads\/2023\/02\/how-it-works-img-2.png 322w, https:\/\/ibeess.org\/wp-content\/uploads\/2023\/02\/how-it-works-img-2-194x300.png 194w\" sizes=\"(max-width: 322px) 100vw, 322px\" \/>\t\t\t\t\t\t\t<\/div>\n\t<\/div>\n\t\t\t\t<\/div>\n\t\t\t\t<\/div>\n\t\t\t\t\t<\/div>\n\t\t<\/div>\n\t\t\t\t<div class=\"elementor-column elementor-col-50 elementor-top-column elementor-element elementor-element-6875b00\" data-id=\"6875b00\" data-element_type=\"column\" data-e-type=\"column\">\n\t\t\t<div class=\"elementor-widget-wrap elementor-element-populated\">\n\t\t\t\t\t\t<div class=\"elementor-element elementor-element-b88e387 elementor-widget__width-auto elementor-widget elementor-widget-leroux_core_single_image\" data-id=\"b88e387\" data-element_type=\"widget\" data-e-type=\"widget\" data-widget_type=\"leroux_core_single_image.default\">\n\t\t\t\t<div class=\"elementor-widget-container\">\n\t\t\t\t\t<div class=\"qodef-shortcode qodef-m  qodef-single-image qodef-layout--default   \">\n\t\t\t<div class=\"qodef-m-image\">\n\t\t\t\t\t\t\t\t<img decoding=\"async\" width=\"625\" height=\"384\" src=\"https:\/\/ibeess.org\/wp-content\/uploads\/2023\/02\/how-it-works-img-3.png\" class=\"attachment-full size-full\" alt=\"\" srcset=\"https:\/\/ibeess.org\/wp-content\/uploads\/2023\/02\/how-it-works-img-3.png 625w, https:\/\/ibeess.org\/wp-content\/uploads\/2023\/02\/how-it-works-img-3-600x369.png 600w, https:\/\/ibeess.org\/wp-content\/uploads\/2023\/02\/how-it-works-img-3-300x184.png 300w\" sizes=\"(max-width: 625px) 100vw, 625px\" \/>\t\t\t\t\t\t\t<\/div>\n\t<\/div>\n\t\t\t\t<\/div>\n\t\t\t\t<\/div>\n\t\t\t\t<div class=\"elementor-element elementor-element-4aca5b1 elementor-widget elementor-widget-leroux_core_section_title\" data-id=\"4aca5b1\" data-element_type=\"widget\" data-e-type=\"widget\" data-widget_type=\"leroux_core_section_title.default\">\n\t\t\t\t<div class=\"elementor-widget-container\">\n\t\t\t\t\t<div class=\"qodef-shortcode qodef-m  qodef-section-title qodef-alignment--center qodef-title-break--disabled\">\n\t\t<h2 class=\"qodef-m-title\" >\n\t\t\t\t\tVIZIJA\t\t\t<\/h2>\n\t<\/div>\n\t\t\t\t<\/div>\n\t\t\t\t<\/div>\n\t\t\t\t<div class=\"elementor-element elementor-element-feaf2c6 elementor-widget__width-initial elementor-widget elementor-widget-text-editor\" data-id=\"feaf2c6\" data-element_type=\"widget\" data-e-type=\"widget\" data-widget_type=\"text-editor.default\">\n\t\t\t\t<div class=\"elementor-widget-container\">\n\t\t\t\t\t\t\t\t\t<p>Vizija instituta IBEESS je u predstoje\u0107em strate\u0161kom ciklusu\u00a0 razviti se u centar (HUB) kompetencija u polju poslovne izvrsnosti, poduzetni\u0161tva i odr\u017eivih sustava na razini Republike Hrvatske uz regionalnu prepoznatljivost.<\/p>\t\t\t\t\t\t\t\t<\/div>\n\t\t\t\t<\/div>\n\t\t\t\t\t<\/div>\n\t\t<\/div>\n\t\t\t\t\t<\/div>\n\t\t<\/section>\n\t\t\t\t<section class=\"elementor-section elementor-top-section elementor-element elementor-element-a40f8b6 elementor-section-full_width qodef-elementor-content-grid qodef-extended-grid qodef-extended-grid--right qodef-extended-grid-disabled--1024 elementor-section-height-default elementor-section-height-default\" data-id=\"a40f8b6\" data-element_type=\"section\" data-e-type=\"section\" data-settings=\"{&quot;background_background&quot;:&quot;classic&quot;}\">\n\t\t\t\t\t\t<div class=\"elementor-container elementor-column-gap-no\">\n\t\t\t\t\t<div class=\"elementor-column elementor-col-50 elementor-top-column elementor-element elementor-element-7154113\" data-id=\"7154113\" data-element_type=\"column\" data-e-type=\"column\">\n\t\t\t<div class=\"elementor-widget-wrap elementor-element-populated\">\n\t\t\t\t\t\t<div class=\"elementor-element elementor-element-a8cbc8f elementor-widget elementor-widget-leroux_core_section_title\" data-id=\"a8cbc8f\" data-element_type=\"widget\" data-e-type=\"widget\" data-widget_type=\"leroux_core_section_title.default\">\n\t\t\t\t<div class=\"elementor-widget-container\">\n\t\t\t\t\t<div class=\"qodef-shortcode qodef-m  qodef-section-title qodef-alignment--left qodef-title-break--disabled\">\n\t\t<h2 class=\"qodef-m-title\" >\n\t\t\t\t\tReach your potential<br \/> with <span class=\"qodef-special-style\">our<\/span> <span class=\"qodef-special-style\">experts<\/span>\t\t\t<\/h2>\n\t<\/div>\n\t\t\t\t<\/div>\n\t\t\t\t<\/div>\n\t\t\t\t<div class=\"elementor-element elementor-element-c7565fb elementor-widget-tablet__width-inherit elementor-widget elementor-widget-leroux_core_textual_list\" data-id=\"c7565fb\" data-element_type=\"widget\" data-e-type=\"widget\" data-widget_type=\"leroux_core_textual_list.default\">\n\t\t\t\t<div class=\"elementor-widget-container\">\n\t\t\t\t\t<div class=\"qodef-shortcode qodef-m  qodef-textual-list qodef-direction--vertical\" >\n\t<div class=\"qodef-textual-list-inner\" >\n\t\t\t\t\t\t<div class=\"qodef-e qodef-textual-list-item\">\n                                            <div class=\"qodef-e-icon\" >\n                            <span class=\"qodef-shortcode qodef-m  qodef-icon-holder  qodef-layout--normal\"  >\t\t\t<span class=\"qodef-icon-ionicons ion-md-checkmark qodef-icon qodef-e\" style=\"\" ><\/span>\t<\/span>                        <\/div>\n                    \t\t\t\t\t<div class=\"qodef-e-title-holder\">\n\t\t\t\t\t\t<h6 class='qodef-e-title' >\n                            \t\t\t\t\t\t\t    Web &amp; Mobile Outstanding Supper Customer                            \t\t\t\t\t\t<\/h6>\n\t\t\t\t\t<\/div>\n\t\t\t\t<\/div>\n\t\t\t\t\t\t\t<div class=\"qodef-e qodef-textual-list-item\">\n                                            <div class=\"qodef-e-icon\" >\n                            <span class=\"qodef-shortcode qodef-m  qodef-icon-holder  qodef-layout--normal\"  >\t\t\t<span class=\"qodef-icon-ionicons ion-md-checkmark qodef-icon qodef-e\" style=\"\" ><\/span>\t<\/span>                        <\/div>\n                    \t\t\t\t\t<div class=\"qodef-e-title-holder\">\n\t\t\t\t\t\t<h6 class='qodef-e-title' >\n                            \t\t\t\t\t\t\t    Web &amp; Mobile Responsive                            \t\t\t\t\t\t<\/h6>\n\t\t\t\t\t<\/div>\n\t\t\t\t<\/div>\n\t\t\t\t\t\t\t<div class=\"qodef-e qodef-textual-list-item\">\n                                            <div class=\"qodef-e-icon\" >\n                            <span class=\"qodef-shortcode qodef-m  qodef-icon-holder  qodef-layout--normal\"  >\t\t\t<span class=\"qodef-icon-ionicons ion-md-checkmark qodef-icon qodef-e\" style=\"\" ><\/span>\t<\/span>                        <\/div>\n                    \t\t\t\t\t<div class=\"qodef-e-title-holder\">\n\t\t\t\t\t\t<h6 class='qodef-e-title' >\n                            \t\t\t\t\t\t\t    Best Hosting Ever Outstanding Support                            \t\t\t\t\t\t<\/h6>\n\t\t\t\t\t<\/div>\n\t\t\t\t<\/div>\n\t\t\t\t<\/div>\n<\/div>\t\t\t\t<\/div>\n\t\t\t\t<\/div>\n\t\t\t\t\t<\/div>\n\t\t<\/div>\n\t\t\t\t<div class=\"elementor-column elementor-col-50 elementor-top-column elementor-element elementor-element-fd30aba\" data-id=\"fd30aba\" data-element_type=\"column\" data-e-type=\"column\">\n\t\t\t<div class=\"elementor-widget-wrap elementor-element-populated\">\n\t\t\t\t\t\t<div class=\"elementor-element elementor-element-3041dd7 elementor-widget__width-auto elementor-widget elementor-widget-leroux_core_single_image\" data-id=\"3041dd7\" data-element_type=\"widget\" data-e-type=\"widget\" data-widget_type=\"leroux_core_single_image.default\">\n\t\t\t\t<div class=\"elementor-widget-container\">\n\t\t\t\t\t<div class=\"qodef-shortcode qodef-m  qodef-single-image qodef-layout--default   \">\n\t\t\t<div class=\"qodef-m-image\">\n\t\t\t\t\t\t\t\t<img decoding=\"async\" width=\"800\" height=\"600\" src=\"https:\/\/ibeess.org\/wp-content\/uploads\/2023\/03\/how-it-works-img-new.jpg\" class=\"attachment-full size-full\" alt=\"w\" srcset=\"https:\/\/ibeess.org\/wp-content\/uploads\/2023\/03\/how-it-works-img-new.jpg 800w, https:\/\/ibeess.org\/wp-content\/uploads\/2023\/03\/how-it-works-img-new-600x450.jpg 600w, https:\/\/ibeess.org\/wp-content\/uploads\/2023\/03\/how-it-works-img-new-300x225.jpg 300w, https:\/\/ibeess.org\/wp-content\/uploads\/2023\/03\/how-it-works-img-new-768x576.jpg 768w\" sizes=\"(max-width: 800px) 100vw, 800px\" \/>\t\t\t\t\t\t\t<\/div>\n\t<\/div>\n\t\t\t\t<\/div>\n\t\t\t\t<\/div>\n\t\t\t\t\t<\/div>\n\t\t<\/div>\n\t\t\t\t\t<\/div>\n\t\t<\/section>\n\t\t\t\t<section class=\"elementor-section elementor-top-section elementor-element elementor-element-d92beff elementor-section-full_width qodef-elementor-content-grid elementor-section-height-default elementor-section-height-default\" data-id=\"d92beff\" data-element_type=\"section\" data-e-type=\"section\" data-settings=\"{&quot;background_background&quot;:&quot;classic&quot;}\">\n\t\t\t\t\t\t<div class=\"elementor-container elementor-column-gap-no\">\n\t\t\t\t\t<div class=\"elementor-column elementor-col-100 elementor-top-column elementor-element elementor-element-9585fc1\" data-id=\"9585fc1\" data-element_type=\"column\" data-e-type=\"column\">\n\t\t\t<div class=\"elementor-widget-wrap elementor-element-populated\">\n\t\t\t\t\t\t<div class=\"elementor-element elementor-element-1419d45 elementor-widget elementor-widget-leroux_core_section_title\" data-id=\"1419d45\" data-element_type=\"widget\" data-e-type=\"widget\" data-widget_type=\"leroux_core_section_title.default\">\n\t\t\t\t<div class=\"elementor-widget-container\">\n\t\t\t\t\t<div class=\"qodef-shortcode qodef-m  qodef-section-title qodef-alignment--center qodef-title-break--disabled\">\n\t\t<h2 class=\"qodef-m-title\" style=\"color: #FFFFFF\">\n\t\t\t\t\tWhat others said<br \/> about us\t\t\t<\/h2>\n\t<\/div>\n\t\t\t\t<\/div>\n\t\t\t\t<\/div>\n\t\t\t\t<div class=\"elementor-element elementor-element-1c9591d elementor-widget elementor-widget-leroux_core_testimonials_list\" data-id=\"1c9591d\" data-element_type=\"widget\" data-e-type=\"widget\" data-widget_type=\"leroux_core_testimonials_list.default\">\n\t\t\t\t<div class=\"elementor-widget-container\">\n\t\t\t\t\t<div class=\"qodef-shortcode qodef-m  qodef-testimonials-list qodef-skin--light qodef-grid qodef-layout--columns    qodef-col-num--3 qodef-item-layout--vertical qodef-responsive--custom qodef-col-num--1440--3 qodef-col-num--1366--3 qodef-col-num--1024--2 qodef-col-num--768--2 qodef-col-num--680--1 qodef-col-num--480--1\" >\n    \t<div class=\"qodef-grid-inner\">\n\t\t<div class=\"qodef-e qodef-grid-item \">\n\t<div class=\"qodef-e-inner\">\n\t\t<div class=\"qodef-e-content\">\n\t\t\t\t\t\t\t<h5 itemprop=\"description\" class=\"qodef-e-text\">Lorem ipsum dolor sit amet, consectetur adipiscing elit, Sed do eiusmod tempor per incididunt labore et dolore.<\/h5>\n\t\t\t<div class=\"qodef-testimonials-rating\" data-swiper-parallax=\"-100\" data-swiper-parallax-duration=\"1200\">\n<svg class=\"qodef-svg--star-testimonials\" xmlns=\"http:\/\/www.w3.org\/2000\/svg\" width=\"16\" height=\"16\" viewBox=\"0 0 512 512\"><path d=\"M496 203.3H312.36L256 32l-56.36 171.3H16l150.21 105.4-58.5 171.3L256 373.84 404.29 480l-58.61-171.3Z\"\/><\/svg><svg class=\"qodef-svg--star-testimonials\" xmlns=\"http:\/\/www.w3.org\/2000\/svg\" width=\"16\" height=\"16\" viewBox=\"0 0 512 512\"><path d=\"M496 203.3H312.36L256 32l-56.36 171.3H16l150.21 105.4-58.5 171.3L256 373.84 404.29 480l-58.61-171.3Z\"\/><\/svg><svg class=\"qodef-svg--star-testimonials\" xmlns=\"http:\/\/www.w3.org\/2000\/svg\" width=\"16\" height=\"16\" viewBox=\"0 0 512 512\"><path d=\"M496 203.3H312.36L256 32l-56.36 171.3H16l150.21 105.4-58.5 171.3L256 373.84 404.29 480l-58.61-171.3Z\"\/><\/svg><svg class=\"qodef-svg--star-testimonials\" xmlns=\"http:\/\/www.w3.org\/2000\/svg\" width=\"16\" height=\"16\" viewBox=\"0 0 512 512\"><path d=\"M496 203.3H312.36L256 32l-56.36 171.3H16l150.21 105.4-58.5 171.3L256 373.84 404.29 480l-58.61-171.3Z\"\/><\/svg><svg class=\"qodef-svg--star-testimonials\" xmlns=\"http:\/\/www.w3.org\/2000\/svg\" width=\"16\" height=\"16\" viewBox=\"0 0 512 512\"><path d=\"M496 203.3H312.36L256 32l-56.36 171.3H16l150.21 105.4-58.5 171.3L256 373.84 404.29 480l-58.61-171.3Z\"\/><\/svg><\/div>\n\t\t\t<div class=\"qodef-testimonial-author-info\">\n\t\t\t\t\t<div class=\"qodef-e-media-image\">\n\t\t<img decoding=\"async\" width=\"135\" height=\"135\" src=\"https:\/\/ibeess.org\/wp-content\/uploads\/2023\/01\/testimonials-img-5.png\" class=\"attachment-thumbnail size-thumbnail wp-post-image\" alt=\"w\" loading=\"eager\" srcset=\"https:\/\/ibeess.org\/wp-content\/uploads\/2023\/01\/testimonials-img-5.png 135w, https:\/\/ibeess.org\/wp-content\/uploads\/2023\/01\/testimonials-img-5-100x100.png 100w\" sizes=\"(max-width: 135px) 100vw, 135px\" \/>\t<\/div>\n\t\t\t\t\t<div class=\"qodef-e-author\">\n\t\t<h6 class=\"qodef-e-author-name\">Toby Young,<\/h6>\n\t\t\t<p class=\"qodef-e-author-job\">Project Manager<\/p>\n\t\t<\/div>\n\t\t\t<\/div>\n\t\t<\/div>\n\t<\/div>\n<\/div>\n<div class=\"qodef-e qodef-grid-item \">\n\t<div class=\"qodef-e-inner\">\n\t\t<div class=\"qodef-e-content\">\n\t\t\t\t\t\t\t<h5 itemprop=\"description\" class=\"qodef-e-text\">Lorem ipsum dolor sit amet, consectetur adipiscing elit, Sed do eiusmod tempor per incididunt labore et dolore.<\/h5>\n\t\t\t<div class=\"qodef-testimonials-rating\" data-swiper-parallax=\"-100\" data-swiper-parallax-duration=\"1200\">\n<svg class=\"qodef-svg--star-testimonials\" xmlns=\"http:\/\/www.w3.org\/2000\/svg\" width=\"16\" height=\"16\" viewBox=\"0 0 512 512\"><path d=\"M496 203.3H312.36L256 32l-56.36 171.3H16l150.21 105.4-58.5 171.3L256 373.84 404.29 480l-58.61-171.3Z\"\/><\/svg><svg class=\"qodef-svg--star-testimonials\" xmlns=\"http:\/\/www.w3.org\/2000\/svg\" width=\"16\" height=\"16\" viewBox=\"0 0 512 512\"><path d=\"M496 203.3H312.36L256 32l-56.36 171.3H16l150.21 105.4-58.5 171.3L256 373.84 404.29 480l-58.61-171.3Z\"\/><\/svg><svg class=\"qodef-svg--star-testimonials\" xmlns=\"http:\/\/www.w3.org\/2000\/svg\" width=\"16\" height=\"16\" viewBox=\"0 0 512 512\"><path d=\"M496 203.3H312.36L256 32l-56.36 171.3H16l150.21 105.4-58.5 171.3L256 373.84 404.29 480l-58.61-171.3Z\"\/><\/svg><svg class=\"qodef-svg--star-testimonials\" xmlns=\"http:\/\/www.w3.org\/2000\/svg\" width=\"16\" height=\"16\" viewBox=\"0 0 512 512\"><path d=\"M496 203.3H312.36L256 32l-56.36 171.3H16l150.21 105.4-58.5 171.3L256 373.84 404.29 480l-58.61-171.3Z\"\/><\/svg><svg class=\"qodef-svg--star-testimonials\" xmlns=\"http:\/\/www.w3.org\/2000\/svg\" width=\"16\" height=\"16\" viewBox=\"0 0 512 512\"><path d=\"M496 203.3H312.36L256 32l-56.36 171.3H16l150.21 105.4-58.5 171.3L256 373.84 404.29 480l-58.61-171.3Z\"\/><\/svg><\/div>\n\t\t\t<div class=\"qodef-testimonial-author-info\">\n\t\t\t\t\t<div class=\"qodef-e-media-image\">\n\t\t<img decoding=\"async\" width=\"100\" height=\"100\" src=\"https:\/\/ibeess.org\/wp-content\/uploads\/2023\/01\/testimonials-img-2.png\" class=\"attachment-thumbnail size-thumbnail wp-post-image\" alt=\"w\" loading=\"eager\" \/>\t<\/div>\n\t\t\t\t\t<div class=\"qodef-e-author\">\n\t\t<h6 class=\"qodef-e-author-name\">Kevin Wels,<\/h6>\n\t\t\t<p class=\"qodef-e-author-job\">CEO<\/p>\n\t\t<\/div>\n\t\t\t<\/div>\n\t\t<\/div>\n\t<\/div>\n<\/div>\n<div class=\"qodef-e qodef-grid-item \">\n\t<div class=\"qodef-e-inner\">\n\t\t<div class=\"qodef-e-content\">\n\t\t\t\t\t\t\t<h5 itemprop=\"description\" class=\"qodef-e-text\">Lorem ipsum dolor sit amet, consectetur adipiscing elit, Sed do eiusmod tempor per incididunt labore et dolore.<\/h5>\n\t\t\t<div class=\"qodef-testimonials-rating\" data-swiper-parallax=\"-100\" data-swiper-parallax-duration=\"1200\">\n<svg class=\"qodef-svg--star-testimonials\" xmlns=\"http:\/\/www.w3.org\/2000\/svg\" width=\"16\" height=\"16\" viewBox=\"0 0 512 512\"><path d=\"M496 203.3H312.36L256 32l-56.36 171.3H16l150.21 105.4-58.5 171.3L256 373.84 404.29 480l-58.61-171.3Z\"\/><\/svg><svg class=\"qodef-svg--star-testimonials\" xmlns=\"http:\/\/www.w3.org\/2000\/svg\" width=\"16\" height=\"16\" viewBox=\"0 0 512 512\"><path d=\"M496 203.3H312.36L256 32l-56.36 171.3H16l150.21 105.4-58.5 171.3L256 373.84 404.29 480l-58.61-171.3Z\"\/><\/svg><svg class=\"qodef-svg--star-testimonials\" xmlns=\"http:\/\/www.w3.org\/2000\/svg\" width=\"16\" height=\"16\" viewBox=\"0 0 512 512\"><path d=\"M496 203.3H312.36L256 32l-56.36 171.3H16l150.21 105.4-58.5 171.3L256 373.84 404.29 480l-58.61-171.3Z\"\/><\/svg><svg class=\"qodef-svg--star-testimonials\" xmlns=\"http:\/\/www.w3.org\/2000\/svg\" width=\"16\" height=\"16\" viewBox=\"0 0 512 512\"><path d=\"M496 203.3H312.36L256 32l-56.36 171.3H16l150.21 105.4-58.5 171.3L256 373.84 404.29 480l-58.61-171.3Z\"\/><\/svg><svg class=\"qodef-svg--star-testimonials\" xmlns=\"http:\/\/www.w3.org\/2000\/svg\" width=\"16\" height=\"16\" viewBox=\"0 0 512 512\"><path d=\"M496 203.3H312.36L256 32l-56.36 171.3H16l150.21 105.4-58.5 171.3L256 373.84 404.29 480l-58.61-171.3Z\"\/><\/svg><\/div>\n\t\t\t<div class=\"qodef-testimonial-author-info\">\n\t\t\t\t\t<div class=\"qodef-e-media-image\">\n\t\t<img decoding=\"async\" width=\"135\" height=\"135\" src=\"https:\/\/ibeess.org\/wp-content\/uploads\/2023\/03\/testimonials-img-6.png\" class=\"attachment-thumbnail size-thumbnail wp-post-image\" alt=\"w\" loading=\"eager\" srcset=\"https:\/\/ibeess.org\/wp-content\/uploads\/2023\/03\/testimonials-img-6.png 135w, https:\/\/ibeess.org\/wp-content\/uploads\/2023\/03\/testimonials-img-6-100x100.png 100w\" sizes=\"(max-width: 135px) 100vw, 135px\" \/>\t<\/div>\n\t\t\t\t\t<div class=\"qodef-e-author\">\n\t\t<h6 class=\"qodef-e-author-name\">Simone Cooper,<\/h6>\n\t\t\t<p class=\"qodef-e-author-job\">HR Specialist<\/p>\n\t\t<\/div>\n\t\t\t<\/div>\n\t\t<\/div>\n\t<\/div>\n<\/div>\n\t<\/div>\n<\/div>\n\t\t\t\t<\/div>\n\t\t\t\t<\/div>\n\t\t\t\t\t<\/div>\n\t\t<\/div>\n\t\t\t\t\t<\/div>\n\t\t<\/section>\n\t\t\t\t<\/div>\n\t\t","protected":false},"excerpt":{"rendered":"<p>MISIJA Misija instituta IBEESS je istra\u017eivanje i razvoj multidisciplinarnih i transdisciplinarnih podru\u010dja znanosti osobito u polju poslovne izvrsnosti, poduzetni\u0161tva i odr\u017eivosti, te transfer znanja kroz obrazovanje i savjetovanje promoviraju\u0107i kvalitetu kao temeljnu vrijednost i dru\u0161tvo temeljeno na kulturi kvalitete. VIZIJA Vizija instituta IBEESS je u predstoje\u0107em strate\u0161kom ciklusu\u00a0 razviti se u centar (HUB) kompetencija u [&hellip;]<\/p>\n","protected":false},"author":2,"featured_media":0,"parent":0,"menu_order":0,"comment_status":"closed","ping_status":"closed","template":"page-full-width.php","meta":{"footnotes":""},"class_list":["post-6974","page","type-page","status-publish","hentry"],"_links":{"self":[{"href":"https:\/\/ibeess.org\/index.php?rest_route=\/wp\/v2\/pages\/6974","targetHints":{"allow":["GET"]}}],"collection":[{"href":"https:\/\/ibeess.org\/index.php?rest_route=\/wp\/v2\/pages"}],"about":[{"href":"https:\/\/ibeess.org\/index.php?rest_route=\/wp\/v2\/types\/page"}],"author":[{"embeddable":true,"href":"https:\/\/ibeess.org\/index.php?rest_route=\/wp\/v2\/users\/2"}],"replies":[{"embeddable":true,"href":"https:\/\/ibeess.org\/index.php?rest_route=%2Fwp%2Fv2%2Fcomments&post=6974"}],"version-history":[{"count":4,"href":"https:\/\/ibeess.org\/index.php?rest_route=\/wp\/v2\/pages\/6974\/revisions"}],"predecessor-version":[{"id":11278,"href":"https:\/\/ibeess.org\/index.php?rest_route=\/wp\/v2\/pages\/6974\/revisions\/11278"}],"wp:attachment":[{"href":"https:\/\/ibeess.org\/index.php?rest_route=%2Fwp%2Fv2%2Fmedia&parent=6974"}],"curies":[{"name":"wp","href":"https:\/\/api.w.org\/{rel}","templated":true}]}}