{"id":11539,"date":"2024-07-10T14:48:33","date_gmt":"2024-07-10T13:48:33","guid":{"rendered":"https:\/\/ibeess.org\/?page_id=11539"},"modified":"2024-07-26T13:31:34","modified_gmt":"2024-07-26T12:31:34","slug":"javni_angazman_press","status":"publish","type":"page","link":"https:\/\/ibeess.org\/?page_id=11539","title":{"rendered":"Javni anga\u017eman i press"},"content":{"rendered":"\t\t<div data-elementor-type=\"wp-page\" data-elementor-id=\"11539\" class=\"elementor elementor-11539\" data-elementor-post-type=\"page\">\n\t\t\t\t\t\t<section class=\"elementor-section elementor-top-section elementor-element elementor-element-c083e7e elementor-section-full_width elementor-section-height-min-height elementor-section-height-default elementor-section-items-middle\" data-id=\"c083e7e\" data-element_type=\"section\" data-e-type=\"section\" data-settings=\"{&quot;background_background&quot;:&quot;classic&quot;}\">\n\t\t\t\t\t\t<div class=\"elementor-container elementor-column-gap-no\">\n\t\t\t\t\t<div class=\"elementor-column elementor-col-100 elementor-top-column elementor-element elementor-element-8e39d59\" data-id=\"8e39d59\" data-element_type=\"column\" data-e-type=\"column\">\n\t\t\t<div class=\"elementor-widget-wrap\">\n\t\t\t\t\t\t\t<\/div>\n\t\t<\/div>\n\t\t\t\t\t<\/div>\n\t\t<\/section>\n\t\t\t\t<section class=\"elementor-section elementor-top-section elementor-element elementor-element-572a408 elementor-section-boxed elementor-section-height-default elementor-section-height-default\" data-id=\"572a408\" data-element_type=\"section\" data-e-type=\"section\">\n\t\t\t\t\t\t<div class=\"elementor-container elementor-column-gap-default\">\n\t\t\t\t\t<div class=\"elementor-column elementor-col-100 elementor-top-column elementor-element elementor-element-ed9e860\" data-id=\"ed9e860\" data-element_type=\"column\" data-e-type=\"column\">\n\t\t\t<div class=\"elementor-widget-wrap elementor-element-populated\">\n\t\t\t\t\t\t<div class=\"elementor-element elementor-element-0bca9fc elementor-widget elementor-widget-leroux_core_section_title\" data-id=\"0bca9fc\" data-element_type=\"widget\" data-e-type=\"widget\" data-widget_type=\"leroux_core_section_title.default\">\n\t\t\t\t<div class=\"elementor-widget-container\">\n\t\t\t\t\t<div class=\"qodef-shortcode qodef-m  qodef-section-title qodef-alignment--left qodef-title-break--disabled\">\n\t\t<h2 class=\"qodef-m-title\" >\n\t\t\t\t\tJavni anga\u017eman i press\t\t\t<\/h2>\n\t<\/div>\n\t\t\t\t<\/div>\n\t\t\t\t<\/div>\n\t\t\t\t<div class=\"elementor-element elementor-element-995e006 elementor-widget elementor-widget-text-editor\" data-id=\"995e006\" data-element_type=\"widget\" data-e-type=\"widget\" data-widget_type=\"text-editor.default\">\n\t\t\t\t<div class=\"elementor-widget-container\">\n\t\t\t\t\t\t\t\t\t<p><strong>Javni anga\u017eman i press<\/strong><\/p><p>tek treba objaviti.<\/p>\t\t\t\t\t\t\t\t<\/div>\n\t\t\t\t<\/div>\n\t\t\t\t\t<\/div>\n\t\t<\/div>\n\t\t\t\t\t<\/div>\n\t\t<\/section>\n\t\t\t\t<section class=\"elementor-section elementor-top-section elementor-element elementor-element-300d4cc elementor-section-full_width elementor-section-height-default elementor-section-height-default\" data-id=\"300d4cc\" data-element_type=\"section\" data-e-type=\"section\" data-settings=\"{&quot;background_background&quot;:&quot;classic&quot;}\">\n\t\t\t\t\t\t<div class=\"elementor-container elementor-column-gap-no\">\n\t\t\t\t\t<div class=\"elementor-column elementor-col-50 elementor-top-column elementor-element elementor-element-ce11982\" data-id=\"ce11982\" data-element_type=\"column\" data-e-type=\"column\">\n\t\t\t<div class=\"elementor-widget-wrap elementor-element-populated\">\n\t\t\t\t\t\t<div class=\"elementor-element elementor-element-5883ad9 elementor-widget elementor-widget-leroux_core_single_image\" data-id=\"5883ad9\" data-element_type=\"widget\" data-e-type=\"widget\" data-widget_type=\"leroux_core_single_image.default\">\n\t\t\t\t<div class=\"elementor-widget-container\">\n\t\t\t\t\t<div class=\"qodef-shortcode qodef-m  qodef-single-image qodef-layout--default   \">\n\t\t\t<div class=\"qodef-m-image\">\n\t\t\t\t\t\t\t\t<img fetchpriority=\"high\" decoding=\"async\" width=\"509\" height=\"473\" src=\"https:\/\/ibeess.org\/wp-content\/uploads\/2024\/07\/Slika1_slide.jpg\" class=\"attachment-full size-full\" alt=\"\" srcset=\"https:\/\/ibeess.org\/wp-content\/uploads\/2024\/07\/Slika1_slide.jpg 509w, https:\/\/ibeess.org\/wp-content\/uploads\/2024\/07\/Slika1_slide-300x279.jpg 300w\" sizes=\"(max-width: 509px) 100vw, 509px\" \/>\t\t\t\t\t\t\t<\/div>\n\t<\/div>\n\t\t\t\t<\/div>\n\t\t\t\t<\/div>\n\t\t\t\t\t<\/div>\n\t\t<\/div>\n\t\t\t\t<div class=\"elementor-column elementor-col-50 elementor-top-column elementor-element elementor-element-44e4fc1\" data-id=\"44e4fc1\" data-element_type=\"column\" data-e-type=\"column\">\n\t\t\t<div class=\"elementor-widget-wrap elementor-element-populated\">\n\t\t\t\t\t\t<div class=\"elementor-element elementor-element-24aa9dd elementor-widget elementor-widget-leroux_core_section_title\" data-id=\"24aa9dd\" data-element_type=\"widget\" data-e-type=\"widget\" data-widget_type=\"leroux_core_section_title.default\">\n\t\t\t\t<div class=\"elementor-widget-container\">\n\t\t\t\t\t<div class=\"qodef-shortcode qodef-m  qodef-section-title qodef-alignment--left qodef-title-break--disabled\">\n\t\t<h2 class=\"qodef-m-title\" >\n\t\t\t\t\tVjerujte procesu i razvijajte<br \/> svoje poslovanje\t\t\t<\/h2>\n\t<\/div>\n\t\t\t\t<\/div>\n\t\t\t\t<\/div>\n\t\t\t\t<div class=\"elementor-element elementor-element-e164d76 elementor-widget elementor-widget-leroux_core_accordion\" data-id=\"e164d76\" data-element_type=\"widget\" data-e-type=\"widget\" data-widget_type=\"leroux_core_accordion.default\">\n\t\t\t\t<div class=\"elementor-widget-container\">\n\t\t\t\t\t<div class=\"qodef-shortcode qodef-m  qodef-accordion clear qodef-behavior--accordion qodef-layout--simple qodef-icon--layout-1\" >\n\t<h5 class=\"qodef-accordion-title\">\n\t<span class=\"qodef-tab-title\">Poslovna izvrsnost<\/span>\n\t<span class=\"qodef-accordion-mark\">\n                    <span class=\"qodef-icon--plus qodef-icon-layout--1\">\n                <svg class=\"qodef-svg--arrow-down\" xmlns=\"http:\/\/www.w3.org\/2000\/svg\" width=\"16.112\" height=\"16.112\" viewBox=\"0 0 16.112 16.112\"><g transform=\"translate(15.612 8.056) rotate(135)\"><line x2=\"10.686\" y2=\"10.686\" transform=\"translate(0 10.686) rotate(-90)\" fill=\"none\" stroke=\"currentColor\" stroke-width=\"1\"\/><line y2=\"10.565\" transform=\"translate(0.052 0.121) rotate(-90)\" fill=\"none\" stroke=\"currentColor\" stroke-width=\"1\"\/><line x2=\"10.565\" transform=\"translate(10.617 10.686) rotate(-90)\" fill=\"none\" stroke=\"currentColor\" stroke-width=\"1\"\/><\/g><\/svg>            <\/span>\n        \t\t<span class=\"qodef-icon--minus\"><\/span>\n\t<\/span>\n<\/h5>\n<div class=\"qodef-accordion-content\">\n\t<div class=\"qodef-accordion-content-inner\">\n\t\t<p style=\"text-align: left;\">Napisati ne\u0161to o poslovnoj izvrsnosti<\/p>\t<\/div>\n<\/div>\n<h5 class=\"qodef-accordion-title\">\n\t<span class=\"qodef-tab-title\">Poduzetni\u0161tvo<\/span>\n\t<span class=\"qodef-accordion-mark\">\n                    <span class=\"qodef-icon--plus qodef-icon-layout--1\">\n                <svg class=\"qodef-svg--arrow-down\" xmlns=\"http:\/\/www.w3.org\/2000\/svg\" width=\"16.112\" height=\"16.112\" viewBox=\"0 0 16.112 16.112\"><g transform=\"translate(15.612 8.056) rotate(135)\"><line x2=\"10.686\" y2=\"10.686\" transform=\"translate(0 10.686) rotate(-90)\" fill=\"none\" stroke=\"currentColor\" stroke-width=\"1\"\/><line y2=\"10.565\" transform=\"translate(0.052 0.121) rotate(-90)\" fill=\"none\" stroke=\"currentColor\" stroke-width=\"1\"\/><line x2=\"10.565\" transform=\"translate(10.617 10.686) rotate(-90)\" fill=\"none\" stroke=\"currentColor\" stroke-width=\"1\"\/><\/g><\/svg>            <\/span>\n        \t\t<span class=\"qodef-icon--minus\"><\/span>\n\t<\/span>\n<\/h5>\n<div class=\"qodef-accordion-content\">\n\t<div class=\"qodef-accordion-content-inner\">\n\t\t<p style=\"text-align: left;\">Napisati tekst o poduzetni\u0161tvu<\/p>\t<\/div>\n<\/div>\n<h5 class=\"qodef-accordion-title\">\n\t<span class=\"qodef-tab-title\">Odr\u017eivi sustavi<\/span>\n\t<span class=\"qodef-accordion-mark\">\n                    <span class=\"qodef-icon--plus qodef-icon-layout--1\">\n                <svg class=\"qodef-svg--arrow-down\" xmlns=\"http:\/\/www.w3.org\/2000\/svg\" width=\"16.112\" height=\"16.112\" viewBox=\"0 0 16.112 16.112\"><g transform=\"translate(15.612 8.056) rotate(135)\"><line x2=\"10.686\" y2=\"10.686\" transform=\"translate(0 10.686) rotate(-90)\" fill=\"none\" stroke=\"currentColor\" stroke-width=\"1\"\/><line y2=\"10.565\" transform=\"translate(0.052 0.121) rotate(-90)\" fill=\"none\" stroke=\"currentColor\" stroke-width=\"1\"\/><line x2=\"10.565\" transform=\"translate(10.617 10.686) rotate(-90)\" fill=\"none\" stroke=\"currentColor\" stroke-width=\"1\"\/><\/g><\/svg>            <\/span>\n        \t\t<span class=\"qodef-icon--minus\"><\/span>\n\t<\/span>\n<\/h5>\n<div class=\"qodef-accordion-content\">\n\t<div class=\"qodef-accordion-content-inner\">\n\t\t<p style=\"text-align: left;\">Dodati tekst o odr\u017eivim sustavima<\/p>\t<\/div>\n<\/div>\n<\/div>\n\t\t\t\t<\/div>\n\t\t\t\t<\/div>\n\t\t\t\t\t<\/div>\n\t\t<\/div>\n\t\t\t\t\t<\/div>\n\t\t<\/section>\n\t\t\t\t<section class=\"elementor-section elementor-top-section elementor-element elementor-element-645f062 elementor-section-full_width qodef-elementor-content-grid elementor-section-height-default elementor-section-height-default\" data-id=\"645f062\" data-element_type=\"section\" data-e-type=\"section\" data-settings=\"{&quot;background_background&quot;:&quot;classic&quot;}\">\n\t\t\t\t\t\t<div class=\"elementor-container elementor-column-gap-no\">\n\t\t\t\t\t<div class=\"elementor-column elementor-col-100 elementor-top-column elementor-element elementor-element-fa37396\" data-id=\"fa37396\" data-element_type=\"column\" data-e-type=\"column\">\n\t\t\t<div class=\"elementor-widget-wrap elementor-element-populated\">\n\t\t\t\t\t\t<div class=\"elementor-element elementor-element-8d8408d elementor-widget elementor-widget-leroux_core_section_title\" data-id=\"8d8408d\" data-element_type=\"widget\" data-e-type=\"widget\" data-widget_type=\"leroux_core_section_title.default\">\n\t\t\t\t<div class=\"elementor-widget-container\">\n\t\t\t\t\t<div class=\"qodef-shortcode qodef-m  qodef-section-title qodef-alignment--center \">\n\t\t<h2 class=\"qodef-m-title\" >\n\t\t\t\t\tFind the best plan<br \/> for your needs\t\t\t<\/h2>\n\t<\/div>\n\t\t\t\t<\/div>\n\t\t\t\t<\/div>\n\t\t\t\t<section class=\"elementor-section elementor-inner-section elementor-element elementor-element-5581f2c elementor-section-full_width elementor-section-height-default elementor-section-height-default\" data-id=\"5581f2c\" data-element_type=\"section\" data-e-type=\"section\">\n\t\t\t\t\t\t<div class=\"elementor-container elementor-column-gap-no\">\n\t\t\t\t\t<div class=\"elementor-column elementor-col-33 elementor-inner-column elementor-element elementor-element-7ce4fbd\" data-id=\"7ce4fbd\" data-element_type=\"column\" data-e-type=\"column\">\n\t\t\t<div class=\"elementor-widget-wrap elementor-element-populated\">\n\t\t\t\t\t\t<div class=\"elementor-element elementor-element-532d12f elementor-widget elementor-widget-leroux_core_pricing_table\" data-id=\"532d12f\" data-element_type=\"widget\" data-e-type=\"widget\" data-widget_type=\"leroux_core_pricing_table.default\">\n\t\t\t\t<div class=\"elementor-widget-container\">\n\t\t\t\t\t<div class=\"qodef-shortcode qodef-m  qodef-pricing-table qodef-layout--standard qodef-status--regular\" >\n\t<div class=\"qodef-m-inner\">\n        <div class=\"qodef-m-content-top\">\n            \t<div class=\"qodef-m-price\">\n\t\t<div class=\"qodef-m-price-wrapper qodef-h1\" >\n                            <span class=\"qodef-m-price-currency\" >$<\/span>\n            \t\t\t<span class=\"qodef-m-price-value\">68<\/span>\n\t\t<\/div>\n\t<\/div>\n                <h5 class=\"qodef-m-title\" >Basic Plan<\/h5>\n        <\/div>\n\t\t\t<div class=\"qodef-m-content\"><ul><li style=\"text-align: left;\">Affert volumus legend<\/li><li style=\"text-align: left;\">Mel detracto atomorum ne<\/li><li style=\"text-align: left;\">Eripuit minimum probatus ei<\/li><li style=\"text-align: left;\">Vix ex natum iracundia<\/li><\/ul><\/div>\n\t\t\t<div class=\"qodef-m-button clear\">\n\t\t<a class=\"qodef-shortcode qodef-m  qodef-button qodef-layout--filled   qodef-html--link\" href=\"#\" target=\"_self\"  style=\"font-weight: 500\">    <span class=\"qodef-m-text\">View More<\/span>    <span class=\"qodef-m-arrow\"><svg class=\"qodef-svg--button-arrow\" xmlns=\"http:\/\/www.w3.org\/2000\/svg\" width=\"10\" height=\"10\" viewBox=\"0 0 9.8 9.8\"><g><path d=\"m.4 9.4 9-9\"\/><path d=\"M.4.5h8.9\"\/><path d=\"M9.3 9.4V.5\"\/><\/g><g><path d=\"m.4 9.4 9-9\"\/><path d=\"M.4.5h8.9\"\/><path d=\"M9.3 9.4V.5\"\/><\/g><\/svg><\/span><\/a>\t<\/div>\n\t<\/div>\n<\/div>\n\t\t\t\t<\/div>\n\t\t\t\t<\/div>\n\t\t\t\t\t<\/div>\n\t\t<\/div>\n\t\t\t\t<div class=\"elementor-column elementor-col-33 elementor-inner-column elementor-element elementor-element-8d1e094\" data-id=\"8d1e094\" data-element_type=\"column\" data-e-type=\"column\">\n\t\t\t<div class=\"elementor-widget-wrap elementor-element-populated\">\n\t\t\t\t\t\t<div class=\"elementor-element elementor-element-1a21af8 elementor-widget elementor-widget-leroux_core_pricing_table\" data-id=\"1a21af8\" data-element_type=\"widget\" data-e-type=\"widget\" data-widget_type=\"leroux_core_pricing_table.default\">\n\t\t\t\t<div class=\"elementor-widget-container\">\n\t\t\t\t\t<div class=\"qodef-shortcode qodef-m  qodef-pricing-table qodef-layout--standard qodef-status--featured\" >\n\t<div class=\"qodef-m-inner\">\n        <div class=\"qodef-m-content-top\">\n            \t<div class=\"qodef-m-price\">\n\t\t<div class=\"qodef-m-price-wrapper qodef-h1\" >\n                            <span class=\"qodef-m-price-currency\" >$<\/span>\n            \t\t\t<span class=\"qodef-m-price-value\">168<\/span>\n\t\t<\/div>\n\t<\/div>\n                <h5 class=\"qodef-m-title\" >Standard Plan<\/h5>\n        <\/div>\n\t\t\t<div class=\"qodef-m-content\"><ul><li style=\"text-align: left;\">Affert volumus legend<\/li><li style=\"text-align: left;\">Mel detracto atomorum ne<\/li><li style=\"text-align: left;\">Eripuit minimum probatus ei<\/li><li style=\"text-align: left;\">Vix ex natum iracundia<\/li><\/ul><\/div>\n\t\t\t<div class=\"qodef-m-button clear\">\n\t\t<a class=\"qodef-shortcode qodef-m  qodef-button qodef-layout--filled   qodef-html--link\" href=\"#\" target=\"_self\"  >    <span class=\"qodef-m-text\">View More<\/span>    <span class=\"qodef-m-arrow\"><svg class=\"qodef-svg--button-arrow\" xmlns=\"http:\/\/www.w3.org\/2000\/svg\" width=\"10\" height=\"10\" viewBox=\"0 0 9.8 9.8\"><g><path d=\"m.4 9.4 9-9\"\/><path d=\"M.4.5h8.9\"\/><path d=\"M9.3 9.4V.5\"\/><\/g><g><path d=\"m.4 9.4 9-9\"\/><path d=\"M.4.5h8.9\"\/><path d=\"M9.3 9.4V.5\"\/><\/g><\/svg><\/span><\/a>\t<\/div>\n\t<\/div>\n<\/div>\n\t\t\t\t<\/div>\n\t\t\t\t<\/div>\n\t\t\t\t\t<\/div>\n\t\t<\/div>\n\t\t\t\t<div class=\"elementor-column elementor-col-33 elementor-inner-column elementor-element elementor-element-1156a10\" data-id=\"1156a10\" data-element_type=\"column\" data-e-type=\"column\">\n\t\t\t<div class=\"elementor-widget-wrap elementor-element-populated\">\n\t\t\t\t\t\t<div class=\"elementor-element elementor-element-4f2a068 elementor-widget elementor-widget-leroux_core_pricing_table\" data-id=\"4f2a068\" data-element_type=\"widget\" data-e-type=\"widget\" data-widget_type=\"leroux_core_pricing_table.default\">\n\t\t\t\t<div class=\"elementor-widget-container\">\n\t\t\t\t\t<div class=\"qodef-shortcode qodef-m  qodef-pricing-table qodef-layout--standard qodef-status--regular\" >\n\t<div class=\"qodef-m-inner\">\n        <div class=\"qodef-m-content-top\">\n            \t<div class=\"qodef-m-price\">\n\t\t<div class=\"qodef-m-price-wrapper qodef-h1\" >\n                            <span class=\"qodef-m-price-currency\" >$<\/span>\n            \t\t\t<span class=\"qodef-m-price-value\">268<\/span>\n\t\t<\/div>\n\t<\/div>\n                <h5 class=\"qodef-m-title\" >Premium Plan<\/h5>\n        <\/div>\n\t\t\t<div class=\"qodef-m-content\"><ul><li style=\"text-align: left;\">Affert volumus legend<\/li><li style=\"text-align: left;\">Mel detracto atomorum ne<\/li><li style=\"text-align: left;\">Eripuit minimum probatus ei<\/li><li style=\"text-align: left;\">Vix ex natum iracundia<\/li><\/ul><\/div>\n\t\t\t<div class=\"qodef-m-button clear\">\n\t\t<a class=\"qodef-shortcode qodef-m  qodef-button qodef-layout--filled   qodef-html--link\" href=\"#\" target=\"_self\"  style=\"font-weight: 500\">    <span class=\"qodef-m-text\">View More<\/span>    <span class=\"qodef-m-arrow\"><svg class=\"qodef-svg--button-arrow\" xmlns=\"http:\/\/www.w3.org\/2000\/svg\" width=\"10\" height=\"10\" viewBox=\"0 0 9.8 9.8\"><g><path d=\"m.4 9.4 9-9\"\/><path d=\"M.4.5h8.9\"\/><path d=\"M9.3 9.4V.5\"\/><\/g><g><path d=\"m.4 9.4 9-9\"\/><path d=\"M.4.5h8.9\"\/><path d=\"M9.3 9.4V.5\"\/><\/g><\/svg><\/span><\/a>\t<\/div>\n\t<\/div>\n<\/div>\n\t\t\t\t<\/div>\n\t\t\t\t<\/div>\n\t\t\t\t\t<\/div>\n\t\t<\/div>\n\t\t\t\t\t<\/div>\n\t\t<\/section>\n\t\t\t\t\t<\/div>\n\t\t<\/div>\n\t\t\t\t\t<\/div>\n\t\t<\/section>\n\t\t\t\t<section class=\"elementor-section elementor-top-section elementor-element elementor-element-607d6ca elementor-section-boxed elementor-section-height-default elementor-section-height-default\" data-id=\"607d6ca\" data-element_type=\"section\" data-e-type=\"section\">\n\t\t\t\t\t\t<div class=\"elementor-container elementor-column-gap-default\">\n\t\t\t\t\t<div class=\"elementor-column elementor-col-100 elementor-top-column elementor-element elementor-element-b78dace\" data-id=\"b78dace\" data-element_type=\"column\" data-e-type=\"column\">\n\t\t\t<div class=\"elementor-widget-wrap\">\n\t\t\t\t\t\t\t<\/div>\n\t\t<\/div>\n\t\t\t\t\t<\/div>\n\t\t<\/section>\n\t\t\t\t<\/div>\n\t\t","protected":false},"excerpt":{"rendered":"<p>Javni anga\u017eman i press Javni anga\u017eman i press tek treba objaviti. Vjerujte procesu i razvijajte svoje poslovanje Poslovna izvrsnost Napisati ne\u0161to o poslovnoj izvrsnosti Poduzetni\u0161tvo Napisati tekst o poduzetni\u0161tvu Odr\u017eivi sustavi Dodati tekst o odr\u017eivim sustavima Find the best plan for your needs $ 68 Basic Plan Affert volumus legend Mel detracto atomorum ne Eripuit [&hellip;]<\/p>\n","protected":false},"author":2,"featured_media":0,"parent":0,"menu_order":0,"comment_status":"closed","ping_status":"closed","template":"page-full-width.php","meta":{"footnotes":""},"class_list":["post-11539","page","type-page","status-publish","hentry"],"_links":{"self":[{"href":"https:\/\/ibeess.org\/index.php?rest_route=\/wp\/v2\/pages\/11539","targetHints":{"allow":["GET"]}}],"collection":[{"href":"https:\/\/ibeess.org\/index.php?rest_route=\/wp\/v2\/pages"}],"about":[{"href":"https:\/\/ibeess.org\/index.php?rest_route=\/wp\/v2\/types\/page"}],"author":[{"embeddable":true,"href":"https:\/\/ibeess.org\/index.php?rest_route=\/wp\/v2\/users\/2"}],"replies":[{"embeddable":true,"href":"https:\/\/ibeess.org\/index.php?rest_route=%2Fwp%2Fv2%2Fcomments&post=11539"}],"version-history":[{"count":22,"href":"https:\/\/ibeess.org\/index.php?rest_route=\/wp\/v2\/pages\/11539\/revisions"}],"predecessor-version":[{"id":11656,"href":"https:\/\/ibeess.org\/index.php?rest_route=\/wp\/v2\/pages\/11539\/revisions\/11656"}],"wp:attachment":[{"href":"https:\/\/ibeess.org\/index.php?rest_route=%2Fwp%2Fv2%2Fmedia&parent=11539"}],"curies":[{"name":"wp","href":"https:\/\/api.w.org\/{rel}","templated":true}]}}